{"id":10,"date":"2011-05-07T15:06:35","date_gmt":"2011-05-07T13:06:35","guid":{"rendered":"http:\/\/www.szarestado.pl\/test\/?page_id=10"},"modified":"2012-03-27T23:15:19","modified_gmt":"2012-03-27T21:15:19","slug":"mioty","status":"publish","type":"page","link":"https:\/\/www.szarestado.pl\/en\/mioty","title":{"rendered":"Litters"},"content":{"rendered":"<p><\/p>\n<h2 align=\"CENTER\">KT\u00d3RE PRZYSZ\u0141Y NA \u015aWIAT W SZARYM STADZIE:<\/h2>\n<p><a class=\"klasa1\" href=\"http:\/\/www.szarestado.pl\/en\/mioty\/miot-m\"><br \/>\n<span style=\"text-decoration: underline;\"><strong>LITTER M<\/strong> &#8211; POJAWI\u0141 SI\u0118 NA \u015aWIECIE: 8.02.2012<\/span> &#8211; read more<\/a><br \/>\n<a href=\"http:\/\/www.szarestado.pl\/pierwsze-dni-zycia-miotu-m\"><img decoding=\"async\" class=\"aligncenter size-medium wp-image-504\" title=\"OLYMPUS DIGITAL CAMERA\" src=\"http:\/\/www.szarestado.pl\/wp-content\/uploads\/2012\/02\/s1-300x224.jpg\" alt=\"\" width=\"200\" height=144\" srcset=\"https:\/\/www.szarestado.pl\/wp-content\/uploads\/2012\/02\/s1-300x224.jpg 300w, https:\/\/www.szarestado.pl\/wp-content\/uploads\/2012\/02\/s1-400x300.jpg 400w, https:\/\/www.szarestado.pl\/wp-content\/uploads\/2012\/02\/s1.jpg 800w\" sizes=\"(max-width: 300px) 100vw, 300px\" \/><br \/>\n&#8211; see Litter M&#8217;s gallery<\/a><\/p>\n<p><a class=\"klasa1\" href=\"http:\/\/www.szarestado.pl\/en\/mioty\/miot-z\"><br \/>\n<span style=\"text-decoration: underline;\"><strong>LITTER Z<\/strong> &#8211; POJAWI\u0141 SI\u0118 NA \u015aWIECIE: 1.01.2011<\/span> &#8211; click here<\/a><\/p>\n<p><a href=\"\/galery\/zorka\/album\/index.html\" target=\"_blank\"><img decoding=\"async\" src=\"\/galery\/zorka\/zorka.jpg\" alt=\"\" \/><br \/>\n&#8211; see Litter Z&#8217;s gallery<\/a><\/p>\n<p><a class=\"klasa1\" href=\"http:\/\/www.szarestado.pl\/en\/mioty\/miot-v\"><br \/>\n<span style=\"text-decoration: underline;\"><strong>LITTER V<\/strong> &#8211; POJAWI\u0141 SI\u0118 NA \u015aWIECIE: 24.12.2010<\/span> &#8211; click here<\/a><\/p>\n<table cellspacing=\"10\" align=\"center\">\n<tbody>\n<tr>\n<td><a href=\"\/galery\/szczeproxy\/album\/index.html\" target=\"_blank\"><img decoding=\"async\" src=\"\/galery\/szczeproxy\/szczep.jpg\" alt=\"\" \/><\/a><\/td>\n<td><a href=\"\/galery\/miotv\/album\/index.html\" target=\"_blank\"><img decoding=\"async\" src=\"\/galery\/miotv\/mv.jpg\" alt=\"\" \/><\/a><\/td>\n<\/tr>\n<tr>\n<td align=\"center\"><a href=\"\/galery\/szczeproxy\/album\/index.html\" target=\"_blank\">see Litter V&#8217;s gallery<\/a><\/td>\n<td align=\"center\"><a href=\"\/galery\/miotv\/album\/index.html\" target=\"_blank\">see Litter V&#8217;s gallery &#8211; part 2<\/a><\/td>\n<\/tr>\n<\/tbody>\n<\/table>\n<p><a class=\"klasa1\" href=\"http:\/\/www.szarestado.pl\/en\/mioty\/miot-t\"><br \/>\n<span style=\"text-decoration: underline;\"><strong>LITTER T<\/strong> &#8211; POJAWI\u0141 SI\u0118 NA \u015aWIECIE: 8.01.2010<\/span> &#8211; click here<\/a><\/p>\n<p><a href=\"\/galery\/szcze\/album\/index.html\" target=\"_blank\"><img decoding=\"async\" src=\"\/galery\/szcze\/szcze.jpg\" alt=\"\" \/><br \/>\n&#8211; see Litter T&#8217;s gallery<\/a><\/p>","protected":false},"excerpt":{"rendered":"<p>KT\u00d3RE PRZYSZ\u0141Y NA \u015aWIAT W SZARYM STADZIE: LITTER M &#8211; POJAWI\u0141 SI\u0118 NA \u015aWIECIE: 8.02.2012 &#8211; read more<\/p>\n","protected":false},"author":1,"featured_media":0,"parent":0,"menu_order":5,"comment_status":"open","ping_status":"open","template":"","meta":{"ngg_post_thumbnail":0,"footnotes":""},"class_list":["post-10","page","type-page","status-publish","hentry"],"aioseo_notices":[],"_links":{"self":[{"href":"https:\/\/www.szarestado.pl\/en\/wp-json\/wp\/v2\/pages\/10"}],"collection":[{"href":"https:\/\/www.szarestado.pl\/en\/wp-json\/wp\/v2\/pages"}],"about":[{"href":"https:\/\/www.szarestado.pl\/en\/wp-json\/wp\/v2\/types\/page"}],"author":[{"embeddable":true,"href":"https:\/\/www.szarestado.pl\/en\/wp-json\/wp\/v2\/users\/1"}],"replies":[{"embeddable":true,"href":"https:\/\/www.szarestado.pl\/en\/wp-json\/wp\/v2\/comments?post=10"}],"version-history":[{"count":14,"href":"https:\/\/www.szarestado.pl\/en\/wp-json\/wp\/v2\/pages\/10\/revisions"}],"predecessor-version":[{"id":1798,"href":"https:\/\/www.szarestado.pl\/en\/wp-json\/wp\/v2\/pages\/10\/revisions\/1798"}],"wp:attachment":[{"href":"https:\/\/www.szarestado.pl\/en\/wp-json\/wp\/v2\/media?parent=10"}],"curies":[{"name":"wp","href":"https:\/\/api.w.org\/{rel}","templated":true}]}}