{"id":1438,"date":"2018-12-10T14:30:04","date_gmt":"2018-12-10T12:30:04","guid":{"rendered":"http:\/\/www.szarestado.pl\/?page_id=1438"},"modified":"2019-02-22T11:55:36","modified_gmt":"2019-02-22T09:55:36","slug":"mona-miliy-zver-charlize","status":"publish","type":"page","link":"https:\/\/www.szarestado.pl\/en\/mona-miliy-zver-charlize","title":{"rendered":"Mona Miliy Zver Charlize"},"content":{"rendered":"<p>Mona Miliy Zver Charlize data urodzenia 19.07.2017<\/p>\n<p><a class=\"ngg-simplelightbox\" title=\" \" href=\"https:\/\/www.szarestado.pl\/mona-8\/8.jpg\" rel=\"\" data-image-id=\"321\" data-src=\"https:\/\/www.szarestado.pl\/mona-8\/8.jpg\" data-thumbnail=\"https:\/\/www.szarestado.pl\/mona-8\/thumbs\/thumbs_8.jpg\" data-title=\"8\" data-description=\" \"><img decoding=\"async\" class=\"ngg-singlepic ngg-center alignleft\" src=\"https:\/\/www.szarestado.pl\/mona-8\/thumbs\/thumbs_8.jpg\" alt=\"8\"><\/a><\/p>\n<p>&nbsp;<\/p>\n<p>&nbsp;<\/p>\n<p>&nbsp;<\/p>\n<p style=\"text-align: left;\">&nbsp;<\/p>\n<p>RODOW\u00d3D: PEDIGREE:<\/p>\n<p><a class=\"ngg-simplelightbox\" title=\" \" href=\"https:\/\/www.szarestado.pl\/rodowod-mona\/rodow%C3%B3d-Mona-.jpg\" rel=\"\" data-image-id=\"322\" data-src=\"https:\/\/www.szarestado.pl\/rodowod-mona\/rodow%C3%B3d-Mona-.jpg\" data-thumbnail=\"https:\/\/www.szarestado.pl\/rodowod-mona\/thumbs\/thumbs_rodow%C3%B3d-Mona-.jpg\" data-title=\"rodow\u00f3d Mona\" data-description=\" \"><img decoding=\"async\" class=\"ngg-singlepic ngg-left\" src=\"https:\/\/www.szarestado.pl\/rodowod-mona\/thumbs\/thumbs_rodow%C3%B3d-Mona-.jpg\" alt=\"rodow\u00f3d Mona\"><\/a><\/p>\n<p>&nbsp;<\/p>\n<p>&nbsp;<\/p>\n<p>&nbsp;<\/p>\n<p>&nbsp;<\/p>\n<p><strong>Certificate of Cardiovascular Examination according Dr. Vollmar 21.02.2019<br \/>\n<\/strong><\/p>\n<p><strong>0&nbsp; points \u2013 <\/strong><strong>allowed to breed \ud83d\ude42<\/strong><\/p>\n<p><strong>Certfikat Badania Uk\u0142adu Kr\u0105\u017cenia wg. Dr Vollmar 21.02.2019<\/strong><\/p>\n<p><strong>0 punkt\u00f3w &#8211; brak przeciwwskaza\u0144 do hodowli \ud83d\ude42<\/strong><\/p>\n<p>&nbsp;<\/p>\n<p>https:\/\/www.iwdb.org\/cD0xMzY3NjUmZz01.html<\/p>\n<p>&nbsp;<a href=\"https:\/\/www.szarestado.pl\/mona-zdjecia\" target=\"_blank\" rel=\"noopener\">Mona &#8211; galeria<\/a><\/p>\n<p><strong><span style=\"color: #ff6600;\">OSI\u0104GNI\u0118CIA: <span class=\"tlid-translation translation\"><span class=\"\" title=\"\">ACHIEVEMENTS:<\/span><\/span><\/span><\/strong><\/p>\n<p><span class=\"_5z6m\"><span class=\"_4a6n\">XXVII Podkarpacka Wystawa Ps\u00f3w Rasowych 22.04.2018<br \/>\n&nbsp;Excellent, Youth Winner<\/span><\/span><span class=\"_5z6m\"><span class=\"_4a6n\">, BOS!!<\/span><\/span><\/p>\n<p>III National Hunting Dogs Show 3.05.2018 Jele\u015bnia<br \/>\nExcellent, Youth Winner, BOS!!<\/p>\n<p><span class=\"_5z6m\"><span class=\"_4a6n\">XXII International Dog Show Krak\u00f3w 16-17.06.2018<br \/>\nExcellent, Youth Winner<br \/>\nBest Junior in Breed&nbsp;<\/span><\/span><\/p>\n<p><strong><span style=\"color: #ff6600;\">MONA \ud83d\ude42 MILIY ZVER CHARLIZE <\/span><\/strong><\/p>\n<p><strong><span style=\"color: #ff6600;\">NEW POLISH JUNIOR CHAMPION !<\/span><\/strong><\/p>\n<p><span class=\"_5z6m\"><span class=\"_4a6n\">65 National Dog Show \u015awiebodzice<br \/>\n01.12.2018<br \/>\nMona<span class=\"_5mfr\"><span class=\"_6qdm\">\u2764\ufe0f<\/span><\/span><br \/>\nExcellent, CWC, Best Bitch, BOS <span class=\"_5mfr\"><span class=\"_6qdm\">\ud83d\ude42<\/span><\/span><span class=\"_5mfr\"><span class=\"_6qdm\">\ud83d\ude43<\/span><\/span><\/span><\/span><\/p>\n<p>IX Zimowa Wystawa Ps\u00f3w Rasowych Expo Silesia<br \/>\nMiliy Zver Charlize Mona <span class=\"_47e3 _5mfr\" title=\"Emotikon smile\"><img loading=\"lazy\" decoding=\"async\" class=\"img\" role=\"presentation\" src=\"https:\/\/static.xx.fbcdn.net\/images\/emoji.php\/v9\/t4c\/1\/16\/1f642.png\" alt=\"\" width=\"16\" height=\"16\"><span class=\"_7oe\" aria-hidden=\"true\">\ud83d\ude42<\/span><\/span> 18 months<br \/>\nEx, CWC, BOB <span class=\"_47e3 _5mfr\" title=\"Emotikon smile\"><img loading=\"lazy\" decoding=\"async\" class=\"img\" role=\"presentation\" src=\"https:\/\/static.xx.fbcdn.net\/images\/emoji.php\/v9\/t4c\/1\/16\/1f642.png\" alt=\"\" width=\"16\" height=\"16\"><\/span><\/p>\n","protected":false},"excerpt":{"rendered":"<p>Mona Miliy Zver Charlize data urodzenia 19.07.2017 &nbsp; &nbsp; &nbsp; &nbsp; RODOW\u00d3D: PEDIGREE: &nbsp; &nbsp; &nbsp; &nbsp; Certificate of Cardiovascular Examination according Dr. Vollmar 21.02.2019 0&nbsp; points \u2013 allowed to breed \ud83d\ude42 Certfikat Badania Uk\u0142adu Kr\u0105\u017cenia wg. Dr Vollmar 21.02.2019 &hellip; <a href=\"https:\/\/www.szarestado.pl\/en\/mona-miliy-zver-charlize\">Continue reading <span class=\"meta-nav\">&rarr;<\/span><\/a><\/p>\n","protected":false},"author":2,"featured_media":0,"parent":0,"menu_order":0,"comment_status":"closed","ping_status":"closed","template":"","meta":{"ngg_post_thumbnail":0,"footnotes":""},"class_list":["post-1438","page","type-page","status-publish","hentry"],"aioseo_notices":[],"_links":{"self":[{"href":"https:\/\/www.szarestado.pl\/en\/wp-json\/wp\/v2\/pages\/1438"}],"collection":[{"href":"https:\/\/www.szarestado.pl\/en\/wp-json\/wp\/v2\/pages"}],"about":[{"href":"https:\/\/www.szarestado.pl\/en\/wp-json\/wp\/v2\/types\/page"}],"author":[{"embeddable":true,"href":"https:\/\/www.szarestado.pl\/en\/wp-json\/wp\/v2\/users\/2"}],"replies":[{"embeddable":true,"href":"https:\/\/www.szarestado.pl\/en\/wp-json\/wp\/v2\/comments?post=1438"}],"version-history":[{"count":10,"href":"https:\/\/www.szarestado.pl\/en\/wp-json\/wp\/v2\/pages\/1438\/revisions"}],"predecessor-version":[{"id":1699,"href":"https:\/\/www.szarestado.pl\/en\/wp-json\/wp\/v2\/pages\/1438\/revisions\/1699"}],"wp:attachment":[{"href":"https:\/\/www.szarestado.pl\/en\/wp-json\/wp\/v2\/media?parent=1438"}],"curies":[{"name":"wp","href":"https:\/\/api.w.org\/{rel}","templated":true}]}}