{"id":304,"date":"2011-12-14T12:47:28","date_gmt":"2011-12-14T10:47:28","guid":{"rendered":"http:\/\/www.szarestado.pl\/?page_id=304"},"modified":"2019-12-29T21:12:45","modified_gmt":"2019-12-29T19:12:45","slug":"szczeniaki-wilczarz-irlandzki","status":"publish","type":"page","link":"https:\/\/www.szarestado.pl\/en\/szczeniaki\/szczeniaki-wilczarz-irlandzki","title":{"rendered":"Puppies &#8211; irish wolfhound"},"content":{"rendered":"<p>MIOT T<\/p>\n\n\n\n<figure class=\"wp-block-image\"><img decoding=\"async\" src=\"https:\/\/scontent-frt3-1.xx.fbcdn.net\/v\/t1.0-9\/60356824_2222037234544540_7858359601152917504_o.jpg?_nc_cat=102&amp;_nc_eui2=AeEjZggY309dh6dKoi5uY6ADlXjMhy9O0M6mvljB-3CiSpaNkdHSgVEmySyt5FH-YFf3CXztHOInIytehf1l5qDh1MGq-7K-V8rnCx5Gd2k6YA&amp;_nc_ohc=Ib0Fgo8LRuEAQmUP_3H31hJKTGhbkj5cUhdisjsSrORUEWi5ODj5FyJkA&amp;_nc_ht=scontent-frt3-1.xx&amp;oh=6d651c6253e9fe692b6e4ccf69ca6c1a&amp;oe=5E9C8C43\" alt=\"Obraz mo\u017ce zawiera\u0107: pies\"\/><\/figure>\n\n\n<p><span class=\"fbPhotoCaptionText\">MIOT H<\/span><\/p>\n<p><span class=\"fbPhotoCaptionText\">Przedstawiam miot H Szare Stado. Matk\u0105 szczeni\u0105t jest Varna Szare Stado. Wspania\u0142a przedstawicielka wilczarzy. Piekna i doceniana na ringach<span class=\"text_exposed_show\"> przez znawc\u00f3w i hodowc\u00f3w (jak Pernille Monberg (Wolfhouse)- res.BIS Tullamore cup 2011, Pamela Sumner (Ballyphelan) -najlepsza suka hodowlana-Tullamore cup 2012, Markku M\u00e4h\u00f6nen &#8211; BIS-Krajowa Wystawa Chart\u00f3w).Ojcem szczeniat jest Temhair`s Malte, m\u0142ody ale juz utytu\u0142owany samiec importowany z Niemiec, kt\u00f3rego ojcem jest os\u0142awiony Eragon Della Bassa Pavese, zwyci\u0119zca Kongresu wilczarza 2016, reserve dog challenge certificate Cruft 2018 . Doskonale zbudowany, o wspania\u0142ym ruchu i doskona\u0142ym temperamencie oraz niezwykle m\u0119skim wyrazie. Szczeni\u0119ta urodzone 27 stycznia 2018. Miot wolny od PSS. Mamy 4 suczki i 2 pieski <span class=\"_47e3 _5mfr\" title=\"Emotikon smile\"><span class=\"_7oe\" aria-hidden=\"true\">\ud83d\ude42<\/span><\/span><\/span><\/span><\/p>\n<p>I would like to introduce litter H of Szare Stado. Mother of the puppies is Varna Szare Stado, an astounding Irish Wolfhound. Beautiful and valued by experts and breeders at shows (e.g. Pernille Monberg (Wolfhouse) &#8211; res.BIS Tullamore Cup 2011, Pamela Sumner (Ballyphean) &#8211; Best Breeding Bitch-Tullamore Cup 2012, Markku M\u00e4h\u00f6nen &#8211; BIS-National Sighthound Show). The Father of the puppies is Temhair&#8217;s Malte, young but already entitled IW, imported from Gemany, son of the famous Eragon Della Bassa Pavese &#8211; winner of the EIWC 2016. Excellently built, very handsome, with emazing movement and temperament. The puppies were born on 27 of January, 2018<span class=\"fbPhotoCaptionText\"><span class=\"text_exposed_show\">. PSS &#8211; free. We have 4 girls and 2 boys <span class=\"_47e3 _5mfr\" title=\"Emotikon smile\"><span class=\"_7oe\" aria-hidden=\"true\">\ud83d\ude42<\/span><\/span><br><a href=\"https:\/\/iwdb.org\/cD0xMDAwMDEyNDkzJmc9NQ%3D%3D.html?fbclid=IwAR0DYxJEHgagOJU6F1uKg1PpibxC6h2k-UcHg8uX2iN7skKGTv6t2j3smEI\" target=\"_blank\" rel=\"nofollow noopener noreferrer\" data-lynx-mode=\"asynclazy\" data-lynx-uri=\"https:\/\/l.facebook.com\/l.php?u=https%3A%2F%2Fiwdb.org%2FcD0xMDAwMDEyNDkzJmc9NQ%253D%253D.html%3Ffbclid%3DIwAR0DYxJEHgagOJU6F1uKg1PpibxC6h2k-UcHg8uX2iN7skKGTv6t2j3smEI&amp;h=AT1Omgo_slMZOmOLU9C8AkyQehxbAUqKpP52erE7QiIegiIKQbQuhcFcf7ur8FS_KCpkNEDkjbO-WKsBQKlKBJwK-suMA6PKh4oGQ4BG-jRYAXAGxa-5U2VPUn4yJwLSx6a6cA\">https:\/\/iwdb.org\/<wbr>cD0xMDAwMDEyNDkzJmc9NQ%3D%3<wbr>D.html<\/a><\/span><\/span><\/p>\n<p>&nbsp;<\/p>\n<p>Z wielk\u0105 przyjemno\u015bci\u0105 informujemy, \u017ce w pierwszej po\u0142owie lutego 2017 spodziewamy si\u0119 miotu wilczarzy \ud83d\ude42 Ci\u0105\u017ca zosta\u0142a potwierdzona na USG \ud83d\ude42<\/p>\n<p>Matk\u0105 szczeni\u0105t jest Varna Szare Stado, M\u0142Ch Pl, ChPl. <a href=\"http:\/\/www.szarestado.pl\/wp-content\/uploads\/2017\/01\/varna1.jpg\"><img loading=\"lazy\" decoding=\"async\" class=\"alignleft size-medium wp-image-979\" title=\"varna1\" src=\"http:\/\/www.szarestado.pl\/wp-content\/uploads\/2017\/01\/varna1-300x200.jpg\" alt=\"\" width=\"300\" height=\"200\" srcset=\"https:\/\/www.szarestado.pl\/wp-content\/uploads\/2017\/01\/varna1-300x200.jpg 300w, https:\/\/www.szarestado.pl\/wp-content\/uploads\/2017\/01\/varna1-449x300.jpg 449w, https:\/\/www.szarestado.pl\/wp-content\/uploads\/2017\/01\/varna1.jpg 800w\" sizes=\"(max-width: 300px) 100vw, 300px\" \/><\/a><\/p>\n<p>Ojcem miotu jest mieszkaj\u0105cy w Belgii pies Nextgeneration Noalan of First Avenue.<br><a href=\"http:\/\/www.szarestado.pl\/wp-content\/uploads\/2017\/01\/Noalan2.jpg\"><img loading=\"lazy\" decoding=\"async\" class=\"alignright size-medium wp-image-982\" title=\"Noalan2\" src=\"http:\/\/www.szarestado.pl\/wp-content\/uploads\/2017\/01\/Noalan2-300x225.jpg\" alt=\"\" width=\"300\" height=\"225\" srcset=\"https:\/\/www.szarestado.pl\/wp-content\/uploads\/2017\/01\/Noalan2-300x225.jpg 300w, https:\/\/www.szarestado.pl\/wp-content\/uploads\/2017\/01\/Noalan2-1024x768.jpg 1024w, https:\/\/www.szarestado.pl\/wp-content\/uploads\/2017\/01\/Noalan2-400x300.jpg 400w\" sizes=\"(max-width: 300px) 100vw, 300px\" \/><\/a><br>Oboje rodzice maj\u0105 przebadane i zdrowe serca. Wsp\u00f3\u0142czynnik spokrewnienia COI dla tego skojarzenia liczony dla 10 pokole\u0144 wynosi 4,03 %, a wsp\u00f3\u0142czynnik AVK r\u00f3wnie\u017c dla 10 pokole\u0144 wynosi 36,2%. Prognozy zdrowotne dla potomstwa tej pary s\u0105 bardzo obiecuj\u0105ce. Zapraszamy do kontaktu mailowego i telefonicznego osoby powa\u017cnie zainteresowane szczeni\u0119tami z tego miotu \ud83d\ude42<br><a href=\"http:\/\/www.szarestado.pl\/wp-content\/uploads\/2017\/01\/USG1.jpg\"><img loading=\"lazy\" decoding=\"async\" class=\"aligncenter size-medium wp-image-987\" title=\"USG\" src=\"http:\/\/www.szarestado.pl\/wp-content\/uploads\/2017\/01\/USG1-300x266.jpg\" alt=\"\" width=\"300\" height=\"266\" srcset=\"https:\/\/www.szarestado.pl\/wp-content\/uploads\/2017\/01\/USG1-300x266.jpg 300w, https:\/\/www.szarestado.pl\/wp-content\/uploads\/2017\/01\/USG1-337x300.jpg 337w, https:\/\/www.szarestado.pl\/wp-content\/uploads\/2017\/01\/USG1.jpg 615w\" sizes=\"(max-width: 300px) 100vw, 300px\" \/><\/a><br>&nbsp;<\/p>\n<p>&nbsp;<\/p>\n<p>&nbsp;<\/p>\n<p><strong><span style=\"text-decoration: underline;\"><span style=\"font-size: small;\">IRISH WOLFHOUND<\/span><\/span><\/strong><\/p>\n<p>Ci\u0105\u017ca Varny zosta\u0142a potwierdzona na USG \ud83d\ude42 Tak wi\u0119c w okolicach 25 lutego oczekujemy miotu D.<\/p>\n<p style=\"text-align: justify;\">Matk\u0105 szczeni\u0105t jest Varna Szare Stado, M\u0142Ch Pl, ChPl, suka o doskona\u0142ej psychice, wzorcowym eksterierze i znakomitym ruchu. Ma mocny ko\u015bciec, doskona\u0142\u0105 pigmentacj\u0119 i typow\u0105, szorstk\u0105 sier\u015b\u0107. Doceniona zosta\u0142a przez wielu s\u0119dzi\u00f3w i znawc\u00f3w rasy na wystawach w kraju i za granic\u0105. Ojcem miotu jest mieszkaj\u0105cy w Czechach pies o rosyjskim rodowodzie Tsarskaja Prihot GORDEY at Caen Morhen. Jest to pi\u0119kny, czarny samiec o swobodnym ruchu i zr\u00f3wnowa\u017conym charakterze. W jego rodowodzie s\u0105 psy z linii holenderskich,niemieckich i angielskich.Oboje rodzice maj\u0105 przebadane i zdrowe serca. Wsp\u00f3\u0142czynnik spokrewnienia COI dla tego skojarzenia liczony dla 10 pokole\u0144 wynosi 1,82 %, a wsp\u00f3\u0142czynnik AVK r\u00f3wnie\u017c dla 10 pokole\u0144 wynosi 36%. Prognozy zdrowotne dla potomstwa tej pary s\u0105 bardzo obiecuj\u0105ce.<\/p>\n<p><a href=\"http:\/\/www.szarestado.pl\/wp-content\/uploads\/2015\/01\/gordey.jpg\"><img loading=\"lazy\" decoding=\"async\" class=\"size-full wp-image-850 alignright\" title=\"gordey\" src=\"http:\/\/www.szarestado.pl\/wp-content\/uploads\/2015\/01\/gordey.jpg\" alt=\"\" width=\"260\" height=\"211\"><\/a><\/p>\n<p>&nbsp;<\/p>\n<p>Tsarskaja Prihot GORDEY at Caen Morhen ( TP Igra s Ognem x TP Kazanova)<\/p>\n<p>&nbsp;<\/p>\n<p>&nbsp;<\/p>\n<p>&nbsp;<\/p>\n<p>&nbsp;<\/p>\n<p>&nbsp;<\/p>\n<p><a href=\"http:\/\/www.szarestado.pl\/wp-content\/uploads\/2015\/01\/Varna-Szare-Stado-35-months.jpg\"><img loading=\"lazy\" decoding=\"async\" class=\"alignleft size-medium wp-image-851\" title=\"Varna Szare Stado 35 months\" src=\"http:\/\/www.szarestado.pl\/wp-content\/uploads\/2015\/01\/Varna-Szare-Stado-35-months-300x200.jpg\" alt=\"szczenieta szczeniaki wilczarz irlandzki irish wolfhound litter\" width=\"300\" height=\"200\" srcset=\"https:\/\/www.szarestado.pl\/wp-content\/uploads\/2015\/01\/Varna-Szare-Stado-35-months-300x200.jpg 300w, https:\/\/www.szarestado.pl\/wp-content\/uploads\/2015\/01\/Varna-Szare-Stado-35-months-449x300.jpg 449w, https:\/\/www.szarestado.pl\/wp-content\/uploads\/2015\/01\/Varna-Szare-Stado-35-months.jpg 800w\" sizes=\"(max-width: 300px) 100vw, 300px\" \/><\/a><\/p>\n<p>&nbsp;<\/p>\n<p>&nbsp;<\/p>\n<p>Varna Szare Stado<\/p>\n<p>(Proxima Wichrowe Zauroczenie x Knallasen`s Couperin)<br>Osoby powa\u017cnie zainteresowane szczeni\u0119tami z tego miotu prosimy o kontakt mailowy lub telefoniczny \ud83d\ude42<\/p>\n<p>&nbsp;<\/p>\n<p>&nbsp;<\/p>\n<p>W pierwszej po\u0142owie lutego(2012) spodziewamy si\u0119 narodzin miotu wilczarzy. Rodzicami ponownie zostan\u0105: Proxima Wichrowe Zauroczenie i Couperin Knallasen`s (Connor). Zdecydowali\u015bmy si\u0119 powt\u00f3rzy\u0107 to skojarzenie bior\u0105c pod uwag\u0119 prognozy zdrowotne dr Janis, niski wsp\u00f3\u0142czynnik COI i doskona\u0142y eksterier szczeni\u0105t tej pary z poprzedniego miotu (miot V) . Nie bez znaczenia jest te\u017c doskona\u0142y charakter zar\u00f3wno rodzic\u00f3w jak i ich potomstwa.<br><a href=\"http:\/\/www.szarestado.pl\/zapowiedz-miotu-wilczarzy\">read more<\/a><\/p>\n<hr width=\"60%\">\n<p style=\"text-align: justify;\">On the 24-th December 2010, the Irish Wolfhound puppies were born. There are five males and five females. Visit our website to see how they are growing:) The mother is Proxima Wichrowe Zauroczenie, our bitch. She has a well-balanced temperament and a very correct build. Her pedigree can be found under the topic &#8220;Proxima&#8221; (in the <a href=\"http:\/\/www.szarestado.pl\/en\/nasze-psy\">Our Dogs<\/a> section). The father is Knallasen&#8217;s COUPERIN, a dog with a coursing licence, imported from Sweden. The bitch&#8217;s and the dog&#8217;s hearts are healthy and have been medically examined. The forecasts for this mating are very optimistic. Both in Proxima&#8217;s and in Knallasen&#8217;s COUPERIN&#8217;s lines there have been no genetic diseases, many ancestors were long-lived. The COI factor over ten generations is 3.57%. Knallasen&#8217;s COUPERIN&#8217;s pedigree can be found at <a href=\"http:\/\/www.republika-marzen.pl\" target=\"_blank\" rel=\"noopener noreferrer\">www.republika-marzen.pl<\/a><\/p>\n<table>\n<tbody>\n<tr>\n<td style=\"text-align: justify;\"><span style=\"font-size: xx-small;\">Proxima Wichrowe Zauroczenie<\/span><a href=\"pro\/01p.jpg\" target=\"_blank\" rel=\"noopener noreferrer\"><br><img loading=\"lazy\" decoding=\"async\" src=\"\/pro\/m01p.jpg\" alt=\"\" width=\"180\" height=\"120\" border=\"0\"><\/a><\/td>\n<td><span style=\"font-size: xx-small;\">Knallasen`s Couperin &#8211; <\/span><a href=\"pro\/01.jpg\" target=\"_blank\" rel=\"noopener noreferrer\"><br><img loading=\"lazy\" decoding=\"async\" src=\"\/pro\/m01.jpg\" alt=\"\" width=\"180\" height=\"120\" border=\"0\"><\/a><\/td>\n<\/tr>\n<tr>\n<td><span style=\"font-size: xx-small;\">Their offspring<\/span><br><a href=\"http:\/\/www.szarestado.pl\/galery\/szczeproxy\/album\/index.html\" target=\"_blank\" rel=\"noopener noreferrer\"><img loading=\"lazy\" decoding=\"async\" src=\"\/pro\/36.jpg\" alt=\"\" width=\"180\" height=\"120\"><\/a><\/td>\n<td>the Irish Wolfhound puppies were born &#8211; :<br>five males and five females.<\/td>\n<\/tr>\n<\/tbody>\n<\/table>\n<p>Szczeniaki z tego miotu zacz\u0119\u0142y opuszcza\u0107 Szare Stado od 25 lutego. W obecnej chwili wszystkie znalaz\u0142y ju\u017c sw\u00f3j nowy dom, mo\u017cesz \u015bledzi\u0107 ich dalsze losy na <a href=\"http:\/\/www.szarestado.pl\/mioty\/miot-v&quot;\">stronie miotu V<\/a><\/p>","protected":false},"excerpt":{"rendered":"<p>MIOT T MIOT H Przedstawiam miot H Szare Stado. Matk\u0105 szczeni\u0105t jest Varna Szare Stado. Wspania\u0142a przedstawicielka wilczarzy. Piekna i doceniana na ringach przez znawc\u00f3w i hodowc\u00f3w (jak Pernille Monberg (Wolfhouse)- res.BIS Tullamore cup 2011, Pamela Sumner (Ballyphelan) -najlepsza suka &hellip; <a href=\"https:\/\/www.szarestado.pl\/en\/szczeniaki\/szczeniaki-wilczarz-irlandzki\">Continue reading <span class=\"meta-nav\">&rarr;<\/span><\/a><\/p>\n","protected":false},"author":1,"featured_media":0,"parent":8,"menu_order":1,"comment_status":"open","ping_status":"open","template":"","meta":{"ngg_post_thumbnail":0,"footnotes":""},"class_list":["post-304","page","type-page","status-publish","hentry"],"aioseo_notices":[],"_links":{"self":[{"href":"https:\/\/www.szarestado.pl\/en\/wp-json\/wp\/v2\/pages\/304"}],"collection":[{"href":"https:\/\/www.szarestado.pl\/en\/wp-json\/wp\/v2\/pages"}],"about":[{"href":"https:\/\/www.szarestado.pl\/en\/wp-json\/wp\/v2\/types\/page"}],"author":[{"embeddable":true,"href":"https:\/\/www.szarestado.pl\/en\/wp-json\/wp\/v2\/users\/1"}],"replies":[{"embeddable":true,"href":"https:\/\/www.szarestado.pl\/en\/wp-json\/wp\/v2\/comments?post=304"}],"version-history":[{"count":28,"href":"https:\/\/www.szarestado.pl\/en\/wp-json\/wp\/v2\/pages\/304\/revisions"}],"predecessor-version":[{"id":1597,"href":"https:\/\/www.szarestado.pl\/en\/wp-json\/wp\/v2\/pages\/304\/revisions\/1597"}],"up":[{"embeddable":true,"href":"https:\/\/www.szarestado.pl\/en\/wp-json\/wp\/v2\/pages\/8"}],"wp:attachment":[{"href":"https:\/\/www.szarestado.pl\/en\/wp-json\/wp\/v2\/media?parent=304"}],"curies":[{"name":"wp","href":"https:\/\/api.w.org\/{rel}","templated":true}]}}