{"id":35,"date":"2011-05-07T17:26:50","date_gmt":"2011-05-07T15:26:50","guid":{"rendered":"http:\/\/www.szarestado.pl\/test\/?page_id=35"},"modified":"2012-04-04T14:50:32","modified_gmt":"2012-04-04T12:50:32","slug":"miot-z","status":"publish","type":"page","link":"https:\/\/www.szarestado.pl\/en\/mioty\/miot-z","title":{"rendered":"Litter Z"},"content":{"rendered":"<p><span style=\"text-decoration: underline;\"><strong>LITTER Z<\/strong> &#8211; POJAWI\u0141 SI\u0118 NA \u015aWIECIE: 1.01.2011<\/span><\/p>\n<table>\n<tr>\n<td>\n<a href=\"\/..\/..\/galery\/zorka\/album\/index.html\" target=\"_blank\"><img decoding=\"async\" src=\"\/galery\/zorka\/zorka.jpg\" alt=\"\" \/><br \/>\n&#8211; see litter Z&#8217;s gallery<\/a><\/td>\n<td>\n <a href=\"http:\/\/www.szarestado.pl\/zorka-rosnie\"><img decoding=\"async\" src=\"\/galery\/zorka2\/zorka1.jpg\"><br \/>\n&#8211; Zorka grows<\/a><\/td>\n<\/tr>\n<\/table>\n<p>It\u2019s been a very good beginning of the year as then Szare Stado has been joined by a little snow white bitch. Very quickly she conquered the hearts of all members of our family and it was clear for everybody that she would stay with us. That is why nowadays Szare Stado consists of four bitches. There was a problem with finding a name for a little puppy but everybody agreed that Zorka was a perfect one. It has a very good connotation with a well known Polish comedy and maybe that is why she is very happy and friendly and improves our moods even during the worst days helping us to survive them in a better condition.<\/p>\n<p><strong>Zorka<\/strong> &#8211; a beautiful bitch of a South Russian Sheepdog breed. The parents are: our bitch, a medalist Fela Rajton-Bost and a Czech dog coming from Ukraine Muskat Lyutiy \u2013 a champion of Poland, Czech, Slovakia and Austria and a current vice-champion of the world. Both mother and father are of a perfect exterior, free of dysplasia, well balanced and typical for their breed.<\/p>\n<table>\n<tbody>\n<tr>\n<td><span style=\"font-size: xx-small;\">Fela<\/span><\/p>\n<p><a href=\"\/ze\/02.jpg\" target=\"_blank\"><br \/>\n<img decoding=\"async\" src=\"\/ze\/m02.jpg\" alt=\"\" border=\"0\" \/><\/a><\/td>\n<td><span style=\"font-size: xx-small;\">Muskat &#8211; <a href=\"http:\/\/www.szarestado.pl\/?p=168\">Muskat\u2019s pedigree<\/a><\/span><\/p>\n<p><a href=\"\/ze\/01.jpg\" target=\"_blank\"><br \/>\n<img decoding=\"async\" src=\"\/ze\/m01.jpg\" alt=\"\" border=\"0\" \/><\/a><\/td>\n<\/tr>\n<tr>\n<td><span style=\"font-size: xx-small;\">Their offspring<\/span><br \/>\n<a href=\"http:\/\/www.szarestado.pl\/galery\/zorka\/album\/index.html\" target=\"_blank\"><img decoding=\"async\" src=\"\/galery\/zorka\/zorka.jpg\" alt=\"\" \/><\/a><\/td>\n<td>a white bitch Zorka.<\/td>\n<\/tr>\n<\/tbody>\n<\/table>\n<p><a class=\"klasa1\" href=\"http:\/\/www.szarestado.pl\/en\/mioty\/miot-m\"><br \/>\n<span style=\"text-decoration: underline;\"><strong>MIOT M<\/strong> &#8211; POJAWI\u0141 SI\u0118 NA \u015aWIECIE: 8.02.2012<\/span> &#8211; rozwi\u0144<\/a><br \/>\n<a href=\"http:\/\/www.szarestado.pl\/pierwsze-dni-zycia-miotu-m\"><img decoding=\"async\" class=\"aligncenter size-medium wp-image-504\" title=\"OLYMPUS DIGITAL CAMERA\" src=\"http:\/\/www.szarestado.pl\/wp-content\/uploads\/2012\/02\/s1-300x224.jpg\" alt=\"\" width=\"200\" height=144\" srcset=\"https:\/\/www.szarestado.pl\/wp-content\/uploads\/2012\/02\/s1-300x224.jpg 300w, https:\/\/www.szarestado.pl\/wp-content\/uploads\/2012\/02\/s1-400x300.jpg 400w, https:\/\/www.szarestado.pl\/wp-content\/uploads\/2012\/02\/s1.jpg 800w\" sizes=\"(max-width: 300px) 100vw, 300px\" \/><br \/>\n&#8211; see litter M&#8217;s gallery<\/a><br \/>\n<a class=\"klasa1\" href=\"http:\/\/www.szarestado.pl\/en\/mioty\/miot-v\"><br \/>\n<span style=\"text-decoration: underline;\"><strong>LITTER V<\/strong> &#8211; POJAWI\u0141 SI\u0118 NA \u015aWIECIE: 24.12.2010<\/span> &#8211; read more<\/a><\/p>\n<table cellspacing=\"10\" align=\"center\">\n<tbody>\n<tr>\n<td><a href=\"\/..\/..\/galery\/szczeproxy\/album\/index.html\" target=\"_blank\"><img decoding=\"async\" src=\"\/galery\/szczeproxy\/szczep.jpg\" alt=\"\" \/><\/a><\/td>\n<td><a href=\"\/..\/..\/galery\/miotv\/album\/index.html\" target=\"_blank\"><img decoding=\"async\" src=\"\/galery\/miotv\/mv.jpg\" alt=\"\" \/><\/a><\/td>\n<\/tr>\n<tr>\n<td align=\"center\"><a href=\"\/..\/..\/galery\/szczeproxy\/album\/index.html\" target=\"_blank\">see litter V&#8217;s gallery<\/a><\/td>\n<td align=\"center\"><a href=\"..\/..\/galery\/miotv\/album\/index.html\" target=\"_blank\">see litter V&#8217;s gallery &#8211; part 2<\/a><\/td>\n<\/tr>\n<\/tbody>\n<\/table>\n<p><a class=\"klasa1\" href=\"http:\/\/www.szarestado.pl\/en\/mioty\/miot-t\"><br \/>\n<span style=\"text-decoration: underline;\"><strong>LITTER T<\/strong> &#8211; POJAWI\u0141 SI\u0118 NA \u015aWIECIE: 8.01.2010<\/span> &#8211; read more<\/a><\/p>\n<p><a href=\"\/..\/..\/galery\/szcze\/album\/index.html\" target=\"_blank\"><img decoding=\"async\" src=\"\/..\/..\/galery\/szcze\/szcze.jpg\" alt=\"\" \/><br \/>\n&#8211; see litter T&#8217;s gallery<\/a><\/p>","protected":false},"excerpt":{"rendered":"<p>LITTER Z &#8211; POJAWI\u0141 SI\u0118 NA \u015aWIECIE: 1.01.2011 &#8211; see litter Z&#8217;s gallery &#8211; Zorka grows It\u2019s been a very good beginning of the year as then Szare Stado has been joined by a little snow white bitch. Very quickly &hellip; <a href=\"https:\/\/www.szarestado.pl\/en\/mioty\/miot-z\">Continue reading <span class=\"meta-nav\">&rarr;<\/span><\/a><\/p>\n","protected":false},"author":1,"featured_media":0,"parent":10,"menu_order":1,"comment_status":"open","ping_status":"open","template":"","meta":{"ngg_post_thumbnail":0,"footnotes":""},"class_list":["post-35","page","type-page","status-publish","hentry"],"aioseo_notices":[],"_links":{"self":[{"href":"https:\/\/www.szarestado.pl\/en\/wp-json\/wp\/v2\/pages\/35"}],"collection":[{"href":"https:\/\/www.szarestado.pl\/en\/wp-json\/wp\/v2\/pages"}],"about":[{"href":"https:\/\/www.szarestado.pl\/en\/wp-json\/wp\/v2\/types\/page"}],"author":[{"embeddable":true,"href":"https:\/\/www.szarestado.pl\/en\/wp-json\/wp\/v2\/users\/1"}],"replies":[{"embeddable":true,"href":"https:\/\/www.szarestado.pl\/en\/wp-json\/wp\/v2\/comments?post=35"}],"version-history":[{"count":22,"href":"https:\/\/www.szarestado.pl\/en\/wp-json\/wp\/v2\/pages\/35\/revisions"}],"predecessor-version":[{"id":640,"href":"https:\/\/www.szarestado.pl\/en\/wp-json\/wp\/v2\/pages\/35\/revisions\/640"}],"up":[{"embeddable":true,"href":"https:\/\/www.szarestado.pl\/en\/wp-json\/wp\/v2\/pages\/10"}],"wp:attachment":[{"href":"https:\/\/www.szarestado.pl\/en\/wp-json\/wp\/v2\/media?parent=35"}],"curies":[{"name":"wp","href":"https:\/\/api.w.org\/{rel}","templated":true}]}}