{"id":39,"date":"2011-05-07T17:27:29","date_gmt":"2011-05-07T15:27:29","guid":{"rendered":"http:\/\/www.szarestado.pl\/test\/?page_id=39"},"modified":"2012-03-24T19:20:59","modified_gmt":"2012-03-24T17:20:59","slug":"miot-t","status":"publish","type":"page","link":"https:\/\/www.szarestado.pl\/en\/mioty\/miot-t","title":{"rendered":"Litter T"},"content":{"rendered":"<p><br \/>\n<span style=\"text-decoration: underline;\"><strong>LITTER T<\/strong> &#8211; POJAWI\u0141 SI\u0118 NA \u015aWIECIE: 8.01.2010<\/span><\/p>\n<p><a href=\"\/galery\/szcze\/album\/index.html\" target=\"_blank\"><img decoding=\"async\" src=\"\/galery\/szcze\/szcze.jpg\" alt=\"\" \/><br \/>\n&#8211; see litter T&#8217;s gallery<\/a><\/p>\n<p>First puppies have left their home!<br \/>\nA grey pup, Thoruk, found an owner in Krak\u00f3w, and a white bitch, Telma, chose the beautiful area of The Krak\u00f3w-Cz\u0119stochowa Upland and lives near Cz\u0119stochowa.<\/p>\n<p>On January 8, 2010, a litter of puppies(SOUTH RUSSIAN SHEPHERD DOG &#8211; YUZHAK) was born as a result of the mating of our champion bitch, Fela Rajton-Bost, and a Czech dog coming from Ukraine, MUSKAT Lyutiy, who is a Polish, Czech, Slovak and Austrian Champion, as well as the current World Vice Champion. The dam and the sire are characterized by excellent exterior, have no dysplasia, are very balanced and typical for the breed.<\/p>\n<table>\n<tbody>\n<tr>\n<td><span style=\"font-size: xx-small;\">Fela<\/span><br \/>\n<a href=\"\/ze\/02.jpg\" target=\"_blank\"><br \/>\n<img decoding=\"async\" src=\"\/ze\/m02.jpg\" alt=\"\" border=\"0\" \/><\/a><\/td>\n<td><span style=\"font-size: xx-small;\">Muskat &#8211; <a href=\"http:\/\/www.szarestado.pl\/?p=168\"> Muskat\u2019s pedigree<\/a><\/span><br \/>\n<a href=\"\/ze\/01.jpg\" target=\"_blank\"><br \/>\n<img decoding=\"async\" src=\"\/ze\/m01.jpg\" alt=\"\" border=\"0\" \/><\/a><\/td>\n<\/tr>\n<tr>\n<td><span style=\"font-size: xx-small;\">Their offspring<\/span><br \/>\n<a href=\"http:\/\/www.szarestado.pl\/galery\/szcze\/album\/index.html\" target=\"_blank\"><img decoding=\"async\" src=\"\/ze\/m03.jpg\" alt=\"\" \/><\/a><\/td>\n<td>Puppies were born:<br \/>\ngray dog and white female.<\/td>\n<\/tr>\n<\/tbody>\n<\/table>\n<p><a class=\"klasa1\" href=\"http:\/\/www.szarestado.pl\/en\/mioty\/miot-m\"><br \/>\n<span style=\"text-decoration: underline;\"><strong>LITTER M<\/strong> &#8211; POJAWI\u0141 SI\u0118 NA \u015aWIECIE: 8.02.2012<\/span> &#8211; read more<\/a><br \/>\n<a href=\"http:\/\/www.szarestado.pl\/pierwsze-dni-zycia-miotu-m\"><img decoding=\"async\" class=\"aligncenter size-medium wp-image-504\" title=\"OLYMPUS DIGITAL CAMERA\" src=\"http:\/\/www.szarestado.pl\/wp-content\/uploads\/2012\/02\/s1-300x224.jpg\" alt=\"\" width=\"200\" height=144\" srcset=\"https:\/\/www.szarestado.pl\/wp-content\/uploads\/2012\/02\/s1-300x224.jpg 300w, https:\/\/www.szarestado.pl\/wp-content\/uploads\/2012\/02\/s1-400x300.jpg 400w, https:\/\/www.szarestado.pl\/wp-content\/uploads\/2012\/02\/s1.jpg 800w\" sizes=\"(max-width: 300px) 100vw, 300px\" \/><br \/>\n&#8211; see litter M&#8217;s gallery<\/a><\/p>\n<p><a class=\"klasa1\" href=\"http:\/\/www.szarestado.pl\/en\/mioty\/miot-z\"><br \/>\n<span style=\"text-decoration: underline;\"><strong>LITTER Z<\/strong> &#8211; POJAWI\u0141 SI\u0118 NA \u015aWIECIE: 1.01.2011<\/span> &#8211; read more<\/a><\/p>\n<p><a href=\"\/galery\/zorka\/album\/index.html\" target=\"_blank\"><img decoding=\"async\" src=\"\/galery\/zorka\/zorka.jpg\" alt=\"\" \/><br \/>\n&#8211; see litter Z&#8217;s gallery<\/a><\/p>\n<p><a class=\"klasa1\" href=\"http:\/\/www.szarestado.pl\/en\/mioty\/miot-v\"><br \/>\n<span style=\"text-decoration: underline;\"><strong>LITTER V<\/strong> &#8211; POJAWI\u0141 SI\u0118 NA \u015aWIECIE: 24.12.2010<\/span> &#8211; read more<\/a><\/p>\n<table cellspacing=\"10\" align=\"center\">\n<tbody>\n<tr>\n<td><a href=\"\/galery\/szczeproxy\/album\/index.html\" target=\"_blank\"><img decoding=\"async\" src=\"\/galery\/szczeproxy\/szczep.jpg\" alt=\"\" \/><\/a><\/td>\n<td><a href=\"\/galery\/miotv\/album\/index.html\" target=\"_blank\"><img decoding=\"async\" src=\"\/galery\/miotv\/mv.jpg\" alt=\"\" \/><\/a><\/td>\n<\/tr>\n<tr>\n<td align=\"center\"><a href=\"\/galery\/szczeproxy\/album\/index.html\" target=\"_blank\">see litter V&#8217;s gallery<\/a><\/td>\n<td align=\"center\"><a href=\"\/galery\/miotv\/album\/index.html\" target=\"_blank\">see litter V&#8217;s gallery &#8211; part 2<\/a><\/td>\n<\/tr>\n<\/tbody>\n<\/table>\n<p><\/p>","protected":false},"excerpt":{"rendered":"<p>LITTER T &#8211; POJAWI\u0141 SI\u0118 NA \u015aWIECIE: 8.01.2010 &#8211; see litter T&#8217;s gallery First puppies have left their home! A grey pup, Thoruk, found an owner in Krak\u00f3w, and a white bitch, Telma, chose the beautiful area of The Krak\u00f3w-Cz\u0119stochowa &hellip; <a href=\"https:\/\/www.szarestado.pl\/en\/mioty\/miot-t\">Continue reading <span class=\"meta-nav\">&rarr;<\/span><\/a><\/p>\n","protected":false},"author":1,"featured_media":0,"parent":10,"menu_order":3,"comment_status":"open","ping_status":"open","template":"","meta":{"ngg_post_thumbnail":0,"footnotes":""},"class_list":["post-39","page","type-page","status-publish","hentry"],"aioseo_notices":[],"_links":{"self":[{"href":"https:\/\/www.szarestado.pl\/en\/wp-json\/wp\/v2\/pages\/39"}],"collection":[{"href":"https:\/\/www.szarestado.pl\/en\/wp-json\/wp\/v2\/pages"}],"about":[{"href":"https:\/\/www.szarestado.pl\/en\/wp-json\/wp\/v2\/types\/page"}],"author":[{"embeddable":true,"href":"https:\/\/www.szarestado.pl\/en\/wp-json\/wp\/v2\/users\/1"}],"replies":[{"embeddable":true,"href":"https:\/\/www.szarestado.pl\/en\/wp-json\/wp\/v2\/comments?post=39"}],"version-history":[{"count":17,"href":"https:\/\/www.szarestado.pl\/en\/wp-json\/wp\/v2\/pages\/39\/revisions"}],"predecessor-version":[{"id":116,"href":"https:\/\/www.szarestado.pl\/en\/wp-json\/wp\/v2\/pages\/39\/revisions\/116"}],"up":[{"embeddable":true,"href":"https:\/\/www.szarestado.pl\/en\/wp-json\/wp\/v2\/pages\/10"}],"wp:attachment":[{"href":"https:\/\/www.szarestado.pl\/en\/wp-json\/wp\/v2\/media?parent=39"}],"curies":[{"name":"wp","href":"https:\/\/api.w.org\/{rel}","templated":true}]}}