{"id":587,"date":"2012-03-21T18:03:01","date_gmt":"2012-03-21T16:03:01","guid":{"rendered":"http:\/\/www.szarestado.pl\/?page_id=587"},"modified":"2012-05-22T13:37:38","modified_gmt":"2012-05-22T11:37:38","slug":"miot-m","status":"publish","type":"page","link":"https:\/\/www.szarestado.pl\/en\/mioty\/miot-m","title":{"rendered":"Litter M"},"content":{"rendered":"<p>W nocy z 8 na 9 lutego przyszed\u0142 na \u015bwiat miot wilczarzy w Szarym Stadzie. Mamy pi\u0119\u0107 suczek i pieska. Maluchy rozwijaj\u0105 si\u0119 wzorowo i pi\u0119knie rosn\u0105.<br \/>\nJe\u015bli chcesz zobaczy\u0107 galeri\u0119 zdj\u0119\u0107 ma\u0142ych wilczarzy kliknij na zdj\u0119cie poni\u017cej:<br \/>\n<a href=\"http:\/\/www.szarestado.pl\/pierwsze-dni-zycia-miotu-m\"><img loading=\"lazy\" decoding=\"async\" class=\"aligncenter size-medium wp-image-504\" title=\"OLYMPUS DIGITAL CAMERA\" src=\"http:\/\/www.szarestado.pl\/wp-content\/uploads\/2012\/02\/s1-300x224.jpg\" alt=\"\" width=\"300\" height=\"224\" srcset=\"https:\/\/www.szarestado.pl\/wp-content\/uploads\/2012\/02\/s1-300x224.jpg 300w, https:\/\/www.szarestado.pl\/wp-content\/uploads\/2012\/02\/s1-400x300.jpg 400w, https:\/\/www.szarestado.pl\/wp-content\/uploads\/2012\/02\/s1.jpg 800w\" sizes=\"(max-width: 300px) 100vw, 300px\" \/><\/a><br \/>\nNasze szczeni\u0119ta maj\u0105 ju\u017c pi\u0119\u0107 tygodni. Zaczynaj\u0105 si\u0119 uwidacznia\u0107 r\u00f3\u017cnice w temperamentach. Maluchy bardzo ch\u0119tnie i du\u017co jedz\u0105, sp\u0119dzaj\u0105 wi\u0119kszo\u015b\u0107 czasu na polu, bo pogoda na szcz\u0119\u015bcie nam sprzyja:) Najlepsza zabawa jest ze starsz\u0105 siostr\u0105 Varna kt\u00f3ra ma ogrom cierpliwo\u015bci do rodze\u0144stwa, jest dla nich niezwykle czu\u0142a i wyrozumia\u0142a.<\/p>\n<table width=\"80%\" align=\"center\">\n<tbody>\n<tr>\n<td><a href=\"\/miotm\/magnolia.jpg\"><img decoding=\"async\" src=\"\/miotm\/mmagnolia.jpg\" alt=\"\" \/><\/a><\/td>\n<td><a href=\"\/miotm\/meliska.jpg\"><img decoding=\"async\" src=\"\/miotm\/mmeliska.jpg\" alt=\"\" \/><\/a><\/td>\n<\/tr>\n<tr>\n<td><a href=\"\/miotm\/mirra.jpg\"><img decoding=\"async\" src=\"\/miotm\/mmirra.jpg\" alt=\"\" \/><\/a><\/td>\n<td><a href=\"\/miotm\/morelka.jpg\"><img decoding=\"async\" src=\"\/miotm\/mmorelka.jpg\" alt=\"\" \/><\/a><\/td>\n<\/tr>\n<tr>\n<td><a href=\"\/miotm\/morgana.jpg\"><img decoding=\"async\" src=\"\/miotm\/mmorgana.jpg\" alt=\"\" \/><\/a><\/td>\n<td><a href=\"\/miotm\/mirt.jpg\"><img decoding=\"async\" src=\"\/miotm\/mmirt.jpg\" alt=\"\" \/><\/a><\/td>\n<\/tr>\n<\/tbody>\n<\/table>\n<p>Zobaczcie kolejn\u0105 <a href=\"http:\/\/www.szarestado.pl\/nowa-galeria-miotu-m\">galeri\u0119 zdj\u0119\u0107 miotu M<\/a> &#8211; szczeni\u0119ta wilczarza maj\u0105 ju\u017c 6 tygodni!<\/p>\n<p><a class=\"klasa1\" href=\"http:\/\/www.szarestado.pl\/en\/mioty\/miot-z\"><br \/>\n<span style=\"text-decoration: underline;\"><strong>LITTER Z<\/strong> &#8211; POJAWI\u0141 SI\u0118 NA \u015aWIECIE: 1.01.2011<\/span> &#8211; click here<\/a><\/p>\n<p><a href=\"\/galery\/zorka\/album\/index.html\" target=\"_blank\"><img decoding=\"async\" src=\"\/galery\/zorka\/zorka.jpg\" alt=\"\" \/><br \/>\n&#8211; see Litter Z&#8217;s gallery<\/a><\/p>\n<p><a class=\"klasa1\" href=\"http:\/\/www.szarestado.pl\/en\/mioty\/miot-v\"><br \/>\n<span style=\"text-decoration: underline;\"><strong>LITTER V<\/strong> &#8211; POJAWI\u0141 SI\u0118 NA \u015aWIECIE: 24.12.2010<\/span> &#8211; click here<\/a><\/p>\n<table cellspacing=\"10\" align=\"center\">\n<tbody>\n<tr>\n<td><a href=\"\/galery\/szczeproxy\/album\/index.html\" target=\"_blank\"><img decoding=\"async\" src=\"\/galery\/szczeproxy\/szczep.jpg\" alt=\"\" \/><\/a><\/td>\n<td><a href=\"\/galery\/miotv\/album\/index.html\" target=\"_blank\"><img decoding=\"async\" src=\"\/galery\/miotv\/mv.jpg\" alt=\"\" \/><\/a><\/td>\n<\/tr>\n<tr>\n<td align=\"center\"><a href=\"\/galery\/szczeproxy\/album\/index.html\" target=\"_blank\">see Litter V&#8217;s gallery<\/a><\/td>\n<td align=\"center\"><a href=\"\/galery\/miotv\/album\/index.html\" target=\"_blank\">see Litter V&#8217;s gallery &#8211; part 2<\/a><\/td>\n<\/tr>\n<\/tbody>\n<\/table>\n<p><a class=\"klasa1\" href=\"http:\/\/www.szarestado.pl\/en\/mioty\/miot-t\"><br \/>\n<span style=\"text-decoration: underline;\"><strong>LITTER T<\/strong> &#8211; POJAWI\u0141 SI\u0118 NA \u015aWIECIE: 8.01.2010<\/span> &#8211; click here<\/a><\/p>\n<p><a href=\"\/galery\/szcze\/album\/index.html\" target=\"_blank\"><img decoding=\"async\" src=\"\/galery\/szcze\/szcze.jpg\" alt=\"\" \/><br \/>\n&#8211; see Litter T&#8217;s gallery<\/a><\/p>","protected":false},"excerpt":{"rendered":"<p>W nocy z 8 na 9 lutego przyszed\u0142 na \u015bwiat miot wilczarzy w Szarym Stadzie. Mamy pi\u0119\u0107 suczek i pieska. Maluchy rozwijaj\u0105 si\u0119 wzorowo i pi\u0119knie rosn\u0105. Je\u015bli chcesz zobaczy\u0107 galeri\u0119 zdj\u0119\u0107 ma\u0142ych wilczarzy kliknij na zdj\u0119cie poni\u017cej: Nasze szczeni\u0119ta &hellip; <a href=\"https:\/\/www.szarestado.pl\/en\/mioty\/miot-m\">Continue reading <span class=\"meta-nav\">&rarr;<\/span><\/a><\/p>\n","protected":false},"author":1,"featured_media":0,"parent":10,"menu_order":0,"comment_status":"open","ping_status":"open","template":"","meta":{"ngg_post_thumbnail":0,"footnotes":""},"class_list":["post-587","page","type-page","status-publish","hentry"],"aioseo_notices":[],"_links":{"self":[{"href":"https:\/\/www.szarestado.pl\/en\/wp-json\/wp\/v2\/pages\/587"}],"collection":[{"href":"https:\/\/www.szarestado.pl\/en\/wp-json\/wp\/v2\/pages"}],"about":[{"href":"https:\/\/www.szarestado.pl\/en\/wp-json\/wp\/v2\/types\/page"}],"author":[{"embeddable":true,"href":"https:\/\/www.szarestado.pl\/en\/wp-json\/wp\/v2\/users\/1"}],"replies":[{"embeddable":true,"href":"https:\/\/www.szarestado.pl\/en\/wp-json\/wp\/v2\/comments?post=587"}],"version-history":[{"count":14,"href":"https:\/\/www.szarestado.pl\/en\/wp-json\/wp\/v2\/pages\/587\/revisions"}],"predecessor-version":[{"id":697,"href":"https:\/\/www.szarestado.pl\/en\/wp-json\/wp\/v2\/pages\/587\/revisions\/697"}],"up":[{"embeddable":true,"href":"https:\/\/www.szarestado.pl\/en\/wp-json\/wp\/v2\/pages\/10"}],"wp:attachment":[{"href":"https:\/\/www.szarestado.pl\/en\/wp-json\/wp\/v2\/media?parent=587"}],"curies":[{"name":"wp","href":"https:\/\/api.w.org\/{rel}","templated":true}]}}