{"id":8,"date":"2011-05-07T15:06:04","date_gmt":"2011-05-07T13:06:04","guid":{"rendered":"http:\/\/www.szarestado.pl\/test\/?page_id=8"},"modified":"2012-03-21T18:36:59","modified_gmt":"2012-03-21T16:36:59","slug":"szczeniaki","status":"publish","type":"page","link":"https:\/\/www.szarestado.pl\/en\/szczeniaki","title":{"rendered":"Puppies"},"content":{"rendered":"<p><strong><span style=\"text-decoration: underline;\"><span style=\"font-size: small;\">IRISH WOLFHOUND<\/span><\/span><\/strong><\/p>\n<p style=\"text-align: justify;\">W pierwszej po\u0142owie lutego(2012) spodziewamy si\u0119 narodzin miotu wilczarzy. Rodzicami ponownie zostan\u0105: Proxima Wichrowe Zauroczenie i Couperin Knallasen`s (Connor). Zdecydowali\u015bmy si\u0119 powt\u00f3rzy\u0107 to skojarzenie bior\u0105c pod uwag\u0119 prognozy zdrowotne dr Janis, niski wsp\u00f3\u0142czynnik COI i doskona\u0142y eksterier szczeni\u0105t tej pary z poprzedniego miotu (miot V) . Nie bez znaczenia jest te\u017c doskona\u0142y charakter zar\u00f3wno rodzic\u00f3w jak i ich potomstwa.<br \/>\n<a href=\"http:\/\/www.szarestado.pl\/zapowiedz-miotu-wilczarzy\">read more<\/a><\/p>\n<hr width=\"60%\" \/>\n<p style=\"text-align: center;\"><a href=\"http:\/\/www.szarestado.pl\/en\/szczeniaki\/szczeniaki-wilczarz-irlandzki\">more about the Irish Wolfhound<\/a><\/p>\n<hr width=\"60%\" \/>\n<p><strong><span style=\"text-decoration: underline;\"><span style=\"font-size: small;\">SOUTH RUSSIAN SHEPHERD DOG &#8211; YUZHAK..<\/span><\/span><\/strong><\/p>\n<p style=\"text-align: justify;\">On January 1, 2011, a puppie was born as a result of the mating of our champion bitch, Fela Rajton-Bost, and a Czech dog coming from Ukraine, MUSKAT Lyutiy, who is a Polish, Czech, Slovak and Austrian Champion, as well as the current World Vice Champion. The dam and the sire are characterized by excellent exterior, have no dysplasia, are very balanced and typical for the breed.<\/p>\n<table>\n<tbody>\n<tr>\n<td><span style=\"font-size: xx-small;\">Fela<\/span><a href=\"ze\/02.jpg\" target=\"_blank\"><br \/>\n<img decoding=\"async\" src=\"\/ze\/m02.jpg\" alt=\"\" border=\"0\" \/><\/a><\/td>\n<td><span style=\"font-size: xx-small;\">Muskat &#8211; <a href=\"http:\/\/www.szarestado.pl\/?p=168\">Muskat&#8217;s pedigree<\/a><\/span><a href=\"\/ze\/01.jpg\" target=\"_blank\"><br \/>\n<img decoding=\"async\" src=\"ze\/m01.jpg\" alt=\"\" border=\"0\" \/><\/a><\/td>\n<\/tr>\n<tr>\n<td><span style=\"font-size: xx-small;\">Their offspring<\/span><br \/>\n<a href=\"http:\/\/www.szarestado.pl\/galery\/zorka\/album\/index.html\" target=\"_blank\"><img decoding=\"async\" src=\"\/galery\/zorka\/zorka.jpg\" alt=\"\" \/><\/a><\/td>\n<td>a white bitch Zorka.<\/td>\n<\/tr>\n<\/tbody>\n<\/table>\n<hr width=\"60%\" \/>\n<p style=\"text-align: center;\"><a href=\"http:\/\/www.szarestado.pl\/en\/szczeniaki\/szczeniaki-owczarek-poludniowo-rosyjskijuzak\">more about South Russian Shepherd Dog &#8211; Yuzhak<\/a><\/p>\n<hr width=\"60%\" \/>\n<p><\/p>","protected":false},"excerpt":{"rendered":"<p>IRISH WOLFHOUND W pierwszej po\u0142owie lutego(2012) spodziewamy si\u0119 narodzin miotu wilczarzy. Rodzicami ponownie zostan\u0105: Proxima Wichrowe Zauroczenie i Couperin Knallasen`s (Connor). Zdecydowali\u015bmy si\u0119 powt\u00f3rzy\u0107 to skojarzenie bior\u0105c pod uwag\u0119 prognozy zdrowotne dr Janis, niski wsp\u00f3\u0142czynnik COI i doskona\u0142y eksterier szczeni\u0105t &hellip; <a href=\"https:\/\/www.szarestado.pl\/en\/szczeniaki\">Continue reading <span class=\"meta-nav\">&rarr;<\/span><\/a><\/p>\n","protected":false},"author":1,"featured_media":0,"parent":0,"menu_order":4,"comment_status":"open","ping_status":"open","template":"","meta":{"ngg_post_thumbnail":0,"footnotes":""},"class_list":["post-8","page","type-page","status-publish","hentry"],"aioseo_notices":[],"_links":{"self":[{"href":"https:\/\/www.szarestado.pl\/en\/wp-json\/wp\/v2\/pages\/8"}],"collection":[{"href":"https:\/\/www.szarestado.pl\/en\/wp-json\/wp\/v2\/pages"}],"about":[{"href":"https:\/\/www.szarestado.pl\/en\/wp-json\/wp\/v2\/types\/page"}],"author":[{"embeddable":true,"href":"https:\/\/www.szarestado.pl\/en\/wp-json\/wp\/v2\/users\/1"}],"replies":[{"embeddable":true,"href":"https:\/\/www.szarestado.pl\/en\/wp-json\/wp\/v2\/comments?post=8"}],"version-history":[{"count":18,"href":"https:\/\/www.szarestado.pl\/en\/wp-json\/wp\/v2\/pages\/8\/revisions"}],"predecessor-version":[{"id":595,"href":"https:\/\/www.szarestado.pl\/en\/wp-json\/wp\/v2\/pages\/8\/revisions\/595"}],"wp:attachment":[{"href":"https:\/\/www.szarestado.pl\/en\/wp-json\/wp\/v2\/media?parent=8"}],"curies":[{"name":"wp","href":"https:\/\/api.w.org\/{rel}","templated":true}]}}