{"id":884,"date":"2015-03-25T19:15:53","date_gmt":"2015-03-25T17:15:53","guid":{"rendered":"http:\/\/www.szarestado.pl\/?page_id=884"},"modified":"2015-09-08T17:46:37","modified_gmt":"2015-09-08T15:46:37","slug":"miot-d","status":"publish","type":"page","link":"https:\/\/www.szarestado.pl\/en\/mioty\/miot-d","title":{"rendered":"Miot D"},"content":{"rendered":"<p>23 lutego 2015 urodzi\u0142y si\u0119 szczeni\u0119ta wilczarza irlandzkiego, 4 pieski i 4 suczki, pr\u0119gowane \ud83d\ude42 Rodzicami zostali M\u0142ChPl, ChPl Varna Szare Stado i Ch Pl, Ch Czeskiej Republiki, CH Chorwacji, CH CMKU Tsarskaja Prichot Gordey at Coen Morhen.<\/p>\n<p><a href=\"http:\/\/www.szarestado.pl\/wp-content\/uploads\/2015\/03\/11.jpg\"><img loading=\"lazy\" decoding=\"async\" title=\"11\" src=\"http:\/\/www.szarestado.pl\/wp-content\/uploads\/2015\/03\/11-300x242.jpg\" alt=\"\" width=\"300\" height=\"242\" \/><\/a><\/p>\n<p>Miot D<\/p>\nngg_shortcode_0_placeholder\n<p>Miot D &#8211; 4 tydzie\u0144<\/p>\nngg_shortcode_1_placeholder\n<p><strong>NASZE SZCZENIAKI W WIEKU 6 TYGODNI<\/strong><\/p>\n<p><a href=\"http:\/\/www.szarestado.pl\/wp-content\/uploads\/2015\/04\/dukla2.jpg\"><img loading=\"lazy\" decoding=\"async\" title=\"dukla2\" src=\"http:\/\/www.szarestado.pl\/wp-content\/uploads\/2015\/04\/dukla2-300x242.jpg\" alt=\"\" width=\"300\" height=\"242\" \/><\/a><a href=\"http:\/\/www.szarestado.pl\/wp-content\/uploads\/2015\/04\/drachma.jpg\"><img loading=\"lazy\" decoding=\"async\" title=\"drachma\" src=\"http:\/\/www.szarestado.pl\/wp-content\/uploads\/2015\/04\/drachma-300x208.jpg\" alt=\"\" width=\"300\" height=\"208\" \/><\/a><a href=\"http:\/\/www.szarestado.pl\/wp-content\/uploads\/2015\/04\/dama.jpg\"><img loading=\"lazy\" decoding=\"async\" title=\"dama\" src=\"http:\/\/www.szarestado.pl\/wp-content\/uploads\/2015\/04\/dama-300x205.jpg\" alt=\"\" width=\"300\" height=\"205\" \/><\/a><a href=\"http:\/\/www.szarestado.pl\/wp-content\/uploads\/2015\/04\/driada.jpg\"><img loading=\"lazy\" decoding=\"async\" title=\"driada\" src=\"http:\/\/www.szarestado.pl\/wp-content\/uploads\/2015\/04\/driada-300x265.jpg\" alt=\"\" width=\"300\" height=\"265\" \/><\/a><a href=\"http:\/\/www.szarestado.pl\/wp-content\/uploads\/2015\/04\/dukat.jpg\"><img loading=\"lazy\" decoding=\"async\" title=\"dukat\" src=\"http:\/\/www.szarestado.pl\/wp-content\/uploads\/2015\/04\/dukat-300x208.jpg\" alt=\"\" width=\"300\" height=\"208\" \/><\/a><a href=\"http:\/\/www.szarestado.pl\/wp-content\/uploads\/2015\/04\/druid.jpg\"><img loading=\"lazy\" decoding=\"async\" title=\"druid\" src=\"http:\/\/www.szarestado.pl\/wp-content\/uploads\/2015\/04\/druid-300x226.jpg\" alt=\"\" width=\"300\" height=\"226\" \/><\/a><a href=\"http:\/\/www.szarestado.pl\/wp-content\/uploads\/2015\/04\/drago.jpg\"><img loading=\"lazy\" decoding=\"async\" title=\"drago\" src=\"http:\/\/www.szarestado.pl\/wp-content\/uploads\/2015\/04\/drago-300x234.jpg\" alt=\"\" width=\"300\" height=\"234\" \/><\/a><a href=\"http:\/\/www.szarestado.pl\/wp-content\/uploads\/2015\/04\/derwisz.jpg\"><img loading=\"lazy\" decoding=\"async\" title=\"derwisz\" src=\"http:\/\/www.szarestado.pl\/wp-content\/uploads\/2015\/04\/derwisz-300x218.jpg\" alt=\"\" width=\"300\" height=\"218\" \/><\/a><\/p>\n<p>Dukla i Deneris Szare Stado zadebiutowa\u0142y na Wystawie Mi\u0119dzynarodowej w Warszawie. Obie otrzyma\u0142y ocen\u0119 Wybitnie Obiecuj\u0105c\u0105 w klasie m\u0142odszych szczeni\u0105t \ud83d\ude42 Gratulujemy !!!<\/p>\n<p>Na zdj\u0119ciu Dukla na ringu \ud83d\ude42 <a href=\"http:\/\/www.szarestado.pl\/wp-content\/uploads\/2015\/07\/dukla1.jpg\"><img loading=\"lazy\" decoding=\"async\" title=\"dukla1\" src=\"http:\/\/www.szarestado.pl\/wp-content\/uploads\/2015\/07\/dukla1-300x225.jpg\" alt=\"\" width=\"300\" height=\"225\" \/><\/a><\/p>\n<p>&nbsp;<\/p>\n<p>XXVIII NOWOS\u0104DECKA WYSTAWA PS\u00d3W RASOWYCH Nowy S\u0105cz 16-08-2015<br \/>\nDUKLA Szare Stado (TSARSKAJA PRIHOT GORDEY AT CAEN MORHEN x VARNA Szare Stado ) Najlepsze M\u0142odsze Szczeni\u0119 ,BIS lok. 2<\/p>\n<p><a href=\"http:\/\/www.szarestado.pl\/wp-content\/uploads\/2015\/08\/dukla-II1.jpg\"><img loading=\"lazy\" decoding=\"async\" title=\"dukla II\" src=\"http:\/\/www.szarestado.pl\/wp-content\/uploads\/2015\/08\/dukla-II1-300x225.jpg\" alt=\"\" width=\"300\" height=\"225\" \/><\/a><\/p>\n<p>Gratulacje \ud83d\ude42<\/p>","protected":false},"excerpt":{"rendered":"<p>23 lutego 2015 urodzi\u0142y si\u0119 szczeni\u0119ta wilczarza irlandzkiego, 4 pieski i 4 suczki, pr\u0119gowane \ud83d\ude42 Rodzicami zostali M\u0142ChPl, ChPl Varna Szare Stado i Ch Pl, Ch Czeskiej Republiki, CH Chorwacji, CH CMKU Tsarskaja Prichot Gordey at Coen Morhen. Miot D &hellip; <a href=\"https:\/\/www.szarestado.pl\/en\/mioty\/miot-d\">Continue reading <span class=\"meta-nav\">&rarr;<\/span><\/a><\/p>\n","protected":false},"author":1,"featured_media":0,"parent":10,"menu_order":4,"comment_status":"closed","ping_status":"closed","template":"","meta":{"ngg_post_thumbnail":0,"footnotes":""},"class_list":["post-884","page","type-page","status-publish","hentry"],"aioseo_notices":[],"_links":{"self":[{"href":"https:\/\/www.szarestado.pl\/en\/wp-json\/wp\/v2\/pages\/884"}],"collection":[{"href":"https:\/\/www.szarestado.pl\/en\/wp-json\/wp\/v2\/pages"}],"about":[{"href":"https:\/\/www.szarestado.pl\/en\/wp-json\/wp\/v2\/types\/page"}],"author":[{"embeddable":true,"href":"https:\/\/www.szarestado.pl\/en\/wp-json\/wp\/v2\/users\/1"}],"replies":[{"embeddable":true,"href":"https:\/\/www.szarestado.pl\/en\/wp-json\/wp\/v2\/comments?post=884"}],"version-history":[{"count":6,"href":"https:\/\/www.szarestado.pl\/en\/wp-json\/wp\/v2\/pages\/884\/revisions"}],"predecessor-version":[{"id":952,"href":"https:\/\/www.szarestado.pl\/en\/wp-json\/wp\/v2\/pages\/884\/revisions\/952"}],"up":[{"embeddable":true,"href":"https:\/\/www.szarestado.pl\/en\/wp-json\/wp\/v2\/pages\/10"}],"wp:attachment":[{"href":"https:\/\/www.szarestado.pl\/en\/wp-json\/wp\/v2\/media?parent=884"}],"curies":[{"name":"wp","href":"https:\/\/api.w.org\/{rel}","templated":true}]}}